{"id":94,"date":"2026-04-20T16:01:04","date_gmt":"2026-04-20T14:01:04","guid":{"rendered":"https:\/\/www.hofmann-hidde.de\/?page_id=94"},"modified":"2026-04-20T16:10:00","modified_gmt":"2026-04-20T14:10:00","slug":"der-loewengeburtstag-im-zoo","status":"publish","type":"page","link":"https:\/\/www.hofmann-hidde.de\/?page_id=94","title":{"rendered":"Der L\u00f6wengeburtstag im Zoo"},"content":{"rendered":"\n<p>Meine Geschichte &#8222;Der L\u00f6wengeburtstag im Zoo&#8220; hat die ukrainische K\u00fcnstlerin Yelyzaveta Khryplyva illustriert und ist 2024 als Hardcover erschienen. Darum geht es:<\/p>\n\n\n\n<p><em>Der L\u00f6we Ferdinand ist das \u00e4lteste Tier im Zoo &#8211; und er hat bald Geburtstag. Sollen die anderen Tiere ihm etwas schenken? Na klar! Aber was? Der Tiger Linus hat eine Idee: Eine gro\u00dfe Geburtstagsfeier mit allen Tieren des Zoos, das w\u00e4re toll! Doch kann das klappen? Wie sollen die Tiere aus ihren Gehegen kommen? Wollen die anderen Tiere \u00fcberhaupt dabei sein? Und ist das Ganze nicht viel zu gef\u00e4hrlich?<\/em><\/p>\n\n\n\n<p>Der &#8222;Der L\u00f6wengeburtstag im Zoo&#8220; ist nicht nur eine Geschichte \u00fcber Toleranz und Freundschaft, sondern f\u00fchrt auch die politisch und philosophisch spannende Idee eines Vertrages, \u00e4hnlich einem Gesellschaftsvertrag, zwischen allen Tieren des Zoos ein.<\/p>\n\n\n\n<p>Die Geschichte ist f\u00fcr Kinder ab 5 Jahren geeignet und ist seit Herbst 2025 auch als kleines Taschenbuch erh\u00e4ltlich.<\/p>\n\n\n\n<div class=\"wp-block-columns is-layout-flex wp-container-core-columns-is-layout-28f84493 wp-block-columns-is-layout-flex\">\n<div class=\"wp-block-column is-layout-flow wp-block-column-is-layout-flow\">\n<figure class=\"wp-block-image size-large\"><img loading=\"lazy\" decoding=\"async\" width=\"1024\" height=\"1024\" src=\"https:\/\/www.hofmann-hidde.de\/wp-content\/uploads\/2026\/04\/Front-1024x1024.jpg\" alt=\"\" class=\"wp-image-99\" srcset=\"https:\/\/www.hofmann-hidde.de\/wp-content\/uploads\/2026\/04\/Front-1024x1024.jpg 1024w, https:\/\/www.hofmann-hidde.de\/wp-content\/uploads\/2026\/04\/Front-300x300.jpg 300w, https:\/\/www.hofmann-hidde.de\/wp-content\/uploads\/2026\/04\/Front-150x150.jpg 150w, https:\/\/www.hofmann-hidde.de\/wp-content\/uploads\/2026\/04\/Front-768x768.jpg 768w, https:\/\/www.hofmann-hidde.de\/wp-content\/uploads\/2026\/04\/Front-1536x1536.jpg 1536w, https:\/\/www.hofmann-hidde.de\/wp-content\/uploads\/2026\/04\/Front.jpg 2000w\" sizes=\"auto, (max-width: 1024px) 100vw, 1024px\" \/><\/figure>\n<\/div>\n\n\n\n<div class=\"wp-block-column is-layout-flow wp-block-column-is-layout-flow\">\n<figure class=\"wp-block-image size-large\"><img loading=\"lazy\" decoding=\"async\" width=\"1024\" height=\"1024\" src=\"https:\/\/www.hofmann-hidde.de\/wp-content\/uploads\/2026\/04\/Back-1024x1024.jpg\" alt=\"\" class=\"wp-image-98\" srcset=\"https:\/\/www.hofmann-hidde.de\/wp-content\/uploads\/2026\/04\/Back-1024x1024.jpg 1024w, https:\/\/www.hofmann-hidde.de\/wp-content\/uploads\/2026\/04\/Back-300x300.jpg 300w, https:\/\/www.hofmann-hidde.de\/wp-content\/uploads\/2026\/04\/Back-150x150.jpg 150w, https:\/\/www.hofmann-hidde.de\/wp-content\/uploads\/2026\/04\/Back-768x768.jpg 768w, https:\/\/www.hofmann-hidde.de\/wp-content\/uploads\/2026\/04\/Back-1536x1536.jpg 1536w, https:\/\/www.hofmann-hidde.de\/wp-content\/uploads\/2026\/04\/Back.jpg 2000w\" sizes=\"auto, (max-width: 1024px) 100vw, 1024px\" \/><\/figure>\n<\/div>\n<\/div>\n","protected":false},"excerpt":{"rendered":"<p>Meine Geschichte &#8222;Der L\u00f6wengeburtstag im Zoo&#8220; hat die ukrainische K\u00fcnstlerin Yelyzaveta Khryplyva illustriert und ist 2024 als Hardcover erschienen. Darum geht es: Der L\u00f6we Ferdinand ist das \u00e4lteste Tier im Zoo &#8211; und er hat bald Geburtstag. Sollen die anderen Tiere ihm etwas schenken? Na klar! Aber was? Der Tiger Linus hat eine Idee: Eine [&hellip;]<\/p>\n","protected":false},"author":1,"featured_media":0,"parent":0,"menu_order":0,"comment_status":"closed","ping_status":"closed","template":"","meta":{"footnotes":""},"class_list":["post-94","page","type-page","status-publish","hentry"],"_links":{"self":[{"href":"https:\/\/www.hofmann-hidde.de\/index.php?rest_route=\/wp\/v2\/pages\/94","targetHints":{"allow":["GET"]}}],"collection":[{"href":"https:\/\/www.hofmann-hidde.de\/index.php?rest_route=\/wp\/v2\/pages"}],"about":[{"href":"https:\/\/www.hofmann-hidde.de\/index.php?rest_route=\/wp\/v2\/types\/page"}],"author":[{"embeddable":true,"href":"https:\/\/www.hofmann-hidde.de\/index.php?rest_route=\/wp\/v2\/users\/1"}],"replies":[{"embeddable":true,"href":"https:\/\/www.hofmann-hidde.de\/index.php?rest_route=%2Fwp%2Fv2%2Fcomments&post=94"}],"version-history":[{"count":2,"href":"https:\/\/www.hofmann-hidde.de\/index.php?rest_route=\/wp\/v2\/pages\/94\/revisions"}],"predecessor-version":[{"id":100,"href":"https:\/\/www.hofmann-hidde.de\/index.php?rest_route=\/wp\/v2\/pages\/94\/revisions\/100"}],"wp:attachment":[{"href":"https:\/\/www.hofmann-hidde.de\/index.php?rest_route=%2Fwp%2Fv2%2Fmedia&parent=94"}],"curies":[{"name":"wp","href":"https:\/\/api.w.org\/{rel}","templated":true}]}}