{"id":25,"date":"2026-04-19T11:06:22","date_gmt":"2026-04-19T09:06:22","guid":{"rendered":"https:\/\/new.hofmann-hidde.de\/?page_id=25"},"modified":"2026-04-20T15:37:40","modified_gmt":"2026-04-20T13:37:40","slug":"zottos-missionen","status":"publish","type":"page","link":"https:\/\/www.hofmann-hidde.de\/?page_id=25","title":{"rendered":"Zottos Missionen"},"content":{"rendered":"\n<p>&#8218;Zottos Missionen&#8216; sind mein absolutes Herzensprojekt und hei\u00dfen im Moment noch &#8218;Adenauers Missionen&#8216;. Ich w\u00fcrde alles gerne umbenennen, bin aber noch nicht sicher, wie dies rein praktisch am besten funktioniert.<\/p>\n\n\n\n<p>Zotto bzw. Adenauer ist ein Kobold, dessen Job es ist, Kinder in einer Krise zu unterst\u00fctzen. Um dies tun zu k\u00f6nnen, hat er eine Seifenblase, die er zum Transport in die Welt der Menschen benutzt und die daf\u00fcr sorgt, dass nur Tiere und eben das betreffende Kind ihn sehen k\u00f6nnen.<\/p>\n\n\n\n<div class=\"wp-block-columns is-layout-flex wp-container-core-columns-is-layout-28f84493 wp-block-columns-is-layout-flex\">\n<div class=\"wp-block-column is-layout-flow wp-block-column-is-layout-flow\">\n<figure class=\"wp-block-image size-large\"><img loading=\"lazy\" decoding=\"async\" width=\"740\" height=\"1024\" src=\"https:\/\/new.hofmann-hidde.de\/wp-content\/uploads\/2026\/04\/Cover_Front_Blau-740x1024.jpg\" alt=\"\" class=\"wp-image-85\" srcset=\"https:\/\/www.hofmann-hidde.de\/wp-content\/uploads\/2026\/04\/Cover_Front_Blau-740x1024.jpg 740w, https:\/\/www.hofmann-hidde.de\/wp-content\/uploads\/2026\/04\/Cover_Front_Blau-217x300.jpg 217w, https:\/\/www.hofmann-hidde.de\/wp-content\/uploads\/2026\/04\/Cover_Front_Blau-768x1063.jpg 768w, https:\/\/www.hofmann-hidde.de\/wp-content\/uploads\/2026\/04\/Cover_Front_Blau-1110x1536.jpg 1110w, https:\/\/www.hofmann-hidde.de\/wp-content\/uploads\/2026\/04\/Cover_Front_Blau-1480x2048.jpg 1480w, https:\/\/www.hofmann-hidde.de\/wp-content\/uploads\/2026\/04\/Cover_Front_Blau-1024x1417.jpg 1024w, https:\/\/www.hofmann-hidde.de\/wp-content\/uploads\/2026\/04\/Cover_Front_Blau.jpg 1796w\" sizes=\"auto, (max-width: 740px) 100vw, 740px\" \/><\/figure>\n<\/div>\n\n\n\n<div class=\"wp-block-column is-layout-flow wp-block-column-is-layout-flow\">\n<figure class=\"wp-block-image size-large is-resized\"><img loading=\"lazy\" decoding=\"async\" width=\"722\" height=\"1024\" src=\"https:\/\/new.hofmann-hidde.de\/wp-content\/uploads\/2026\/04\/Front_Softcover_Lukas_Selbstwert-722x1024.png\" alt=\"\" class=\"wp-image-86\" style=\"aspect-ratio:0.7050690996347911;width:397px;height:auto\" srcset=\"https:\/\/www.hofmann-hidde.de\/wp-content\/uploads\/2026\/04\/Front_Softcover_Lukas_Selbstwert-722x1024.png 722w, https:\/\/www.hofmann-hidde.de\/wp-content\/uploads\/2026\/04\/Front_Softcover_Lukas_Selbstwert-212x300.png 212w, https:\/\/www.hofmann-hidde.de\/wp-content\/uploads\/2026\/04\/Front_Softcover_Lukas_Selbstwert-768x1089.png 768w, https:\/\/www.hofmann-hidde.de\/wp-content\/uploads\/2026\/04\/Front_Softcover_Lukas_Selbstwert-1083x1536.png 1083w, https:\/\/www.hofmann-hidde.de\/wp-content\/uploads\/2026\/04\/Front_Softcover_Lukas_Selbstwert-1444x2048.png 1444w, https:\/\/www.hofmann-hidde.de\/wp-content\/uploads\/2026\/04\/Front_Softcover_Lukas_Selbstwert-1024x1452.png 1024w, https:\/\/www.hofmann-hidde.de\/wp-content\/uploads\/2026\/04\/Front_Softcover_Lukas_Selbstwert.png 1742w\" sizes=\"auto, (max-width: 722px) 100vw, 722px\" \/><\/figure>\n<\/div>\n<\/div>\n\n\n\n<p>In der Koboldwelt hei\u00dft mein Kobold Zotto, f\u00fcr seinen Auftrag hat Zotto sich Adenauer genannt. Damit ist der erste Teil von &#8218;Zottos Missionen&#8216; (noch &#8218;Adenauers Missionen&#8216;) &#8222;Lukas und der verflixte Selbstwert&#8220; mein politischste Kinderbuch. Hei\u00dft: In &#8222;Lukas und der verflixte Selbstwert&#8220; lernen die gro\u00dfen und kleinen LeserInnen eine Menge \u00fcber die Demokratie im Allgemeinen, \u00fcber Deutschland, \u00fcber unser Wahlsystem, aber auch Gewaltenteilung und damit erfahren sie auch von Montesquieu.<\/p>\n\n\n\n<p>Die Geschichte &#8222;Lukas und der verflixte Selbstwert&#8220; ist im M\u00e4rz 2025 als Hardcover und im Februar 2026 als Softcover erschienen. Der n\u00e4chste Teil von &#8218;Zottos Missionen&#8216; rund um den Jungen Malte erscheint voraussichtlich im Herbst 2026.<\/p>\n","protected":false},"excerpt":{"rendered":"<p>&#8218;Zottos Missionen&#8216; sind mein absolutes Herzensprojekt und hei\u00dfen im Moment noch &#8218;Adenauers Missionen&#8216;. Ich w\u00fcrde alles gerne umbenennen, bin aber noch nicht sicher, wie dies rein praktisch am besten funktioniert. Zotto bzw. Adenauer ist ein Kobold, dessen Job es ist, Kinder in einer Krise zu unterst\u00fctzen. Um dies tun zu k\u00f6nnen, hat er eine Seifenblase, [&hellip;]<\/p>\n","protected":false},"author":1,"featured_media":0,"parent":0,"menu_order":0,"comment_status":"closed","ping_status":"closed","template":"","meta":{"footnotes":""},"class_list":["post-25","page","type-page","status-publish","hentry"],"_links":{"self":[{"href":"https:\/\/www.hofmann-hidde.de\/index.php?rest_route=\/wp\/v2\/pages\/25","targetHints":{"allow":["GET"]}}],"collection":[{"href":"https:\/\/www.hofmann-hidde.de\/index.php?rest_route=\/wp\/v2\/pages"}],"about":[{"href":"https:\/\/www.hofmann-hidde.de\/index.php?rest_route=\/wp\/v2\/types\/page"}],"author":[{"embeddable":true,"href":"https:\/\/www.hofmann-hidde.de\/index.php?rest_route=\/wp\/v2\/users\/1"}],"replies":[{"embeddable":true,"href":"https:\/\/www.hofmann-hidde.de\/index.php?rest_route=%2Fwp%2Fv2%2Fcomments&post=25"}],"version-history":[{"count":3,"href":"https:\/\/www.hofmann-hidde.de\/index.php?rest_route=\/wp\/v2\/pages\/25\/revisions"}],"predecessor-version":[{"id":87,"href":"https:\/\/www.hofmann-hidde.de\/index.php?rest_route=\/wp\/v2\/pages\/25\/revisions\/87"}],"wp:attachment":[{"href":"https:\/\/www.hofmann-hidde.de\/index.php?rest_route=%2Fwp%2Fv2%2Fmedia&parent=25"}],"curies":[{"name":"wp","href":"https:\/\/api.w.org\/{rel}","templated":true}]}}