{"id":21,"date":"2026-04-19T11:05:35","date_gmt":"2026-04-19T09:05:35","guid":{"rendered":"https:\/\/new.hofmann-hidde.de\/?page_id=21"},"modified":"2026-04-20T15:11:23","modified_gmt":"2026-04-20T13:11:23","slug":"tier-rate-geschichten","status":"publish","type":"page","link":"https:\/\/www.hofmann-hidde.de\/?page_id=21","title":{"rendered":"Tier-Rate-Geschichten"},"content":{"rendered":"\n<p>Meine Tier-Rate-Geschichten sollten urspr\u00fcnglich gar kein Buch werden. Zun\u00e4chst habe ich sie &#8211; entsprechend meiner Begeisterung f\u00fcr das Werkeln mit HTML und die Gestaltung von Websites &#8211; im Internet ver\u00f6ffentlicht. Ich hatte die Idee eines Internetportals f\u00fcr Kinder rund um das Thema Tiere, mitsamt meinen Rate-Geschichten. Also t\u00fcftelte und schrieb ich an den Wochenenden. <\/p>\n\n\n\n<p>Ein Buch aus 20 meiner Rate-Geschichten wurde erst 2023 daraus. &#8218;Das fabelhafte Buch der Tier-Rate-Geschichten&#8216; war Teil des ersten Verlagsprogramms des Kinderbuchverlag Kiliposa. Ich habe es komplett selbst illustriert und im gleichen Jahr auch noch als Softcover herausgegeben. Die Illustrationen landeten parallel in einem Malbuch.<\/p>\n\n\n\n<div class=\"wp-block-columns is-layout-flex wp-container-core-columns-is-layout-28f84493 wp-block-columns-is-layout-flex\">\n<div class=\"wp-block-column is-layout-flow wp-block-column-is-layout-flow\">\n<figure class=\"wp-block-image size-large\"><img loading=\"lazy\" decoding=\"async\" width=\"715\" height=\"1024\" src=\"https:\/\/new.hofmann-hidde.de\/wp-content\/uploads\/2026\/04\/Front-1-715x1024.png\" alt=\"\" class=\"wp-image-80\" srcset=\"https:\/\/www.hofmann-hidde.de\/wp-content\/uploads\/2026\/04\/Front-1-715x1024.png 715w, https:\/\/www.hofmann-hidde.de\/wp-content\/uploads\/2026\/04\/Front-1-209x300.png 209w, https:\/\/www.hofmann-hidde.de\/wp-content\/uploads\/2026\/04\/Front-1-768x1100.png 768w, https:\/\/www.hofmann-hidde.de\/wp-content\/uploads\/2026\/04\/Front-1-1072x1536.png 1072w, https:\/\/www.hofmann-hidde.de\/wp-content\/uploads\/2026\/04\/Front-1-1430x2048.png 1430w, https:\/\/www.hofmann-hidde.de\/wp-content\/uploads\/2026\/04\/Front-1-1024x1467.png 1024w, https:\/\/www.hofmann-hidde.de\/wp-content\/uploads\/2026\/04\/Front-1-scaled.png 1787w\" sizes=\"auto, (max-width: 715px) 100vw, 715px\" \/><\/figure>\n<\/div>\n\n\n\n<div class=\"wp-block-column is-layout-flow wp-block-column-is-layout-flow\">\n<figure class=\"wp-block-image size-large\"><img loading=\"lazy\" decoding=\"async\" width=\"715\" height=\"1024\" src=\"https:\/\/new.hofmann-hidde.de\/wp-content\/uploads\/2026\/04\/Front-2-715x1024.png\" alt=\"\" class=\"wp-image-81\" srcset=\"https:\/\/www.hofmann-hidde.de\/wp-content\/uploads\/2026\/04\/Front-2-715x1024.png 715w, https:\/\/www.hofmann-hidde.de\/wp-content\/uploads\/2026\/04\/Front-2-209x300.png 209w, https:\/\/www.hofmann-hidde.de\/wp-content\/uploads\/2026\/04\/Front-2-768x1100.png 768w, https:\/\/www.hofmann-hidde.de\/wp-content\/uploads\/2026\/04\/Front-2-1072x1536.png 1072w, https:\/\/www.hofmann-hidde.de\/wp-content\/uploads\/2026\/04\/Front-2-1430x2048.png 1430w, https:\/\/www.hofmann-hidde.de\/wp-content\/uploads\/2026\/04\/Front-2-1024x1467.png 1024w, https:\/\/www.hofmann-hidde.de\/wp-content\/uploads\/2026\/04\/Front-2-scaled.png 1787w\" sizes=\"auto, (max-width: 715px) 100vw, 715px\" \/><\/figure>\n<\/div>\n\n\n\n<div class=\"wp-block-column is-layout-flow wp-block-column-is-layout-flow\">\n<figure class=\"wp-block-image size-large\"><img loading=\"lazy\" decoding=\"async\" width=\"990\" height=\"1024\" src=\"https:\/\/new.hofmann-hidde.de\/wp-content\/uploads\/2026\/04\/Front_Malbuch-990x1024.png\" alt=\"\" class=\"wp-image-82\" srcset=\"https:\/\/www.hofmann-hidde.de\/wp-content\/uploads\/2026\/04\/Front_Malbuch-990x1024.png 990w, https:\/\/www.hofmann-hidde.de\/wp-content\/uploads\/2026\/04\/Front_Malbuch-290x300.png 290w, https:\/\/www.hofmann-hidde.de\/wp-content\/uploads\/2026\/04\/Front_Malbuch-768x794.png 768w, https:\/\/www.hofmann-hidde.de\/wp-content\/uploads\/2026\/04\/Front_Malbuch-1486x1536.png 1486w, https:\/\/www.hofmann-hidde.de\/wp-content\/uploads\/2026\/04\/Front_Malbuch-1981x2048.png 1981w, https:\/\/www.hofmann-hidde.de\/wp-content\/uploads\/2026\/04\/Front_Malbuch-1024x1059.png 1024w\" sizes=\"auto, (max-width: 990px) 100vw, 990px\" \/><\/figure>\n<\/div>\n<\/div>\n\n\n\n<p>Die Idee hinter den Tier-Rate-Geschichten ist eher philosophischer Natur: Meine gesuchten Tiere bekommen einen Namen, der (hoffentlich) nicht auf die Tierart schlie\u00dfen l\u00e4sst. Dieses Tier erlebt nun ein Abenteuer und im Laufe der Geschichte werden immer mehr Details zum Tier bekannt &#8211; das am Ende der Geschichte erraten werden soll. Dabei wei\u00df und beschreibe ich als allwissende Erz\u00e4hlerin, wie das gesuchte Tier seine Umwelt wahrnimmt und was es in der jeweiligen Situation denkt und f\u00fchlt. Dieser Perspektivwechsel erm\u00f6glicht es, die Welt einmal mit anderen Augen zu sehen. Zum Beispiel als sehr kleiner Marienk\u00e4fer, der gerne w\u00fcsste, wie er selbst aussieht. Oder als Esel in Eritrea, der verzweifelt auf der Suche nach Wasser ist. Als Qualle, die von Menschen durch die Luft geworfen wird, weil sie sie glibberig und ungenehm finden.<\/p>\n","protected":false},"excerpt":{"rendered":"<p>Meine Tier-Rate-Geschichten sollten urspr\u00fcnglich gar kein Buch werden. Zun\u00e4chst habe ich sie &#8211; entsprechend meiner Begeisterung f\u00fcr das Werkeln mit HTML und die Gestaltung von Websites &#8211; im Internet ver\u00f6ffentlicht. Ich hatte die Idee eines Internetportals f\u00fcr Kinder rund um das Thema Tiere, mitsamt meinen Rate-Geschichten. Also t\u00fcftelte und schrieb ich an den Wochenenden. Ein [&hellip;]<\/p>\n","protected":false},"author":1,"featured_media":0,"parent":0,"menu_order":0,"comment_status":"closed","ping_status":"closed","template":"","meta":{"footnotes":""},"class_list":["post-21","page","type-page","status-publish","hentry"],"_links":{"self":[{"href":"https:\/\/www.hofmann-hidde.de\/index.php?rest_route=\/wp\/v2\/pages\/21","targetHints":{"allow":["GET"]}}],"collection":[{"href":"https:\/\/www.hofmann-hidde.de\/index.php?rest_route=\/wp\/v2\/pages"}],"about":[{"href":"https:\/\/www.hofmann-hidde.de\/index.php?rest_route=\/wp\/v2\/types\/page"}],"author":[{"embeddable":true,"href":"https:\/\/www.hofmann-hidde.de\/index.php?rest_route=\/wp\/v2\/users\/1"}],"replies":[{"embeddable":true,"href":"https:\/\/www.hofmann-hidde.de\/index.php?rest_route=%2Fwp%2Fv2%2Fcomments&post=21"}],"version-history":[{"count":3,"href":"https:\/\/www.hofmann-hidde.de\/index.php?rest_route=\/wp\/v2\/pages\/21\/revisions"}],"predecessor-version":[{"id":83,"href":"https:\/\/www.hofmann-hidde.de\/index.php?rest_route=\/wp\/v2\/pages\/21\/revisions\/83"}],"wp:attachment":[{"href":"https:\/\/www.hofmann-hidde.de\/index.php?rest_route=%2Fwp%2Fv2%2Fmedia&parent=21"}],"curies":[{"name":"wp","href":"https:\/\/api.w.org\/{rel}","templated":true}]}}