{"id":19,"date":"2026-04-19T11:04:44","date_gmt":"2026-04-19T09:04:44","guid":{"rendered":"https:\/\/new.hofmann-hidde.de\/?page_id=19"},"modified":"2026-04-20T15:56:13","modified_gmt":"2026-04-20T13:56:13","slug":"kiliposa-kamel","status":"publish","type":"page","link":"https:\/\/www.hofmann-hidde.de\/?page_id=19","title":{"rendered":"Kiliposa Kamel"},"content":{"rendered":"\n<p>2018 erschien die Geschichtensammlung &#8222;Kiliposa und ihre Abenteuer&#8220; mit insgesamt 41 Geschichten vom Kamel Kiliposa, die mit den beiden Alpakas B\u00e4rbel und Gretchen im Garten von Helmut und Annette wohnt. Im Laufe der Zeit zieht auch noch die Eseldame Ella in die tierische WG ein und es geht oftmals recht turbulent zu. Illustriert wurden die Geschichten von der K\u00fcnstlerin Cherryl-Anne Carranceja.<br>Kiliposa besticht durch seltame Fragen, einen ausgepr\u00e4gten Entdeckergeist und ist hin und wieder etwas altklug unterwegs. Zwei der Geschichten aus &#8222;Kiliposa und ihre Abenteuer&#8220; habe ich im Kinderbuchverlag Kiliposa ver\u00f6ffentlicht: &#8222;Kiliposa Kamel sucht den K\u00f6nig&#8220; und &#8222;Ella esel zieht ein&#8220;. <\/p>\n\n\n\n<div class=\"wp-block-columns is-layout-flex wp-container-core-columns-is-layout-28f84493 wp-block-columns-is-layout-flex\">\n<div class=\"wp-block-column is-layout-flow wp-block-column-is-layout-flow\">\n<figure class=\"wp-block-image size-full\"><img loading=\"lazy\" decoding=\"async\" width=\"386\" height=\"500\" src=\"https:\/\/new.hofmann-hidde.de\/wp-content\/uploads\/2026\/04\/Kiliposa_und_ihre_Abenteuer.jpg\" alt=\"\" class=\"wp-image-89\" srcset=\"https:\/\/www.hofmann-hidde.de\/wp-content\/uploads\/2026\/04\/Kiliposa_und_ihre_Abenteuer.jpg 386w, https:\/\/www.hofmann-hidde.de\/wp-content\/uploads\/2026\/04\/Kiliposa_und_ihre_Abenteuer-232x300.jpg 232w\" sizes=\"auto, (max-width: 386px) 100vw, 386px\" \/><\/figure>\n<\/div>\n\n\n\n<div class=\"wp-block-column is-layout-flow wp-block-column-is-layout-flow\">\n<figure class=\"wp-block-image size-large is-resized\"><img loading=\"lazy\" decoding=\"async\" width=\"745\" height=\"1024\" src=\"https:\/\/new.hofmann-hidde.de\/wp-content\/uploads\/2026\/04\/Cover_Kiliposa_Kamel_sucht_den_Koenig_III-745x1024.bmp\" alt=\"\" class=\"wp-image-90\" style=\"aspect-ratio:0.7275399555019737;width:248px;height:auto\" srcset=\"https:\/\/www.hofmann-hidde.de\/wp-content\/uploads\/2026\/04\/Cover_Kiliposa_Kamel_sucht_den_Koenig_III-745x1024.bmp 745w, https:\/\/www.hofmann-hidde.de\/wp-content\/uploads\/2026\/04\/Cover_Kiliposa_Kamel_sucht_den_Koenig_III-218x300.bmp 218w, https:\/\/www.hofmann-hidde.de\/wp-content\/uploads\/2026\/04\/Cover_Kiliposa_Kamel_sucht_den_Koenig_III-768x1055.bmp 768w, https:\/\/www.hofmann-hidde.de\/wp-content\/uploads\/2026\/04\/Cover_Kiliposa_Kamel_sucht_den_Koenig_III-1118x1536.bmp 1118w, https:\/\/www.hofmann-hidde.de\/wp-content\/uploads\/2026\/04\/Cover_Kiliposa_Kamel_sucht_den_Koenig_III-1024x1407.bmp 1024w, https:\/\/www.hofmann-hidde.de\/wp-content\/uploads\/2026\/04\/Cover_Kiliposa_Kamel_sucht_den_Koenig_III.bmp 1358w\" sizes=\"auto, (max-width: 745px) 100vw, 745px\" \/><\/figure>\n<\/div>\n\n\n\n<div class=\"wp-block-column is-layout-flow wp-block-column-is-layout-flow\">\n<figure class=\"wp-block-image size-large\"><img loading=\"lazy\" decoding=\"async\" width=\"1024\" height=\"1024\" src=\"https:\/\/new.hofmann-hidde.de\/wp-content\/uploads\/2026\/04\/Cover_Front_Final_Kleiner-1024x1024.png\" alt=\"\" class=\"wp-image-91\" srcset=\"https:\/\/www.hofmann-hidde.de\/wp-content\/uploads\/2026\/04\/Cover_Front_Final_Kleiner-1024x1024.png 1024w, https:\/\/www.hofmann-hidde.de\/wp-content\/uploads\/2026\/04\/Cover_Front_Final_Kleiner-300x300.png 300w, https:\/\/www.hofmann-hidde.de\/wp-content\/uploads\/2026\/04\/Cover_Front_Final_Kleiner-150x150.png 150w, https:\/\/www.hofmann-hidde.de\/wp-content\/uploads\/2026\/04\/Cover_Front_Final_Kleiner-768x768.png 768w, https:\/\/www.hofmann-hidde.de\/wp-content\/uploads\/2026\/04\/Cover_Front_Final_Kleiner.png 1500w\" sizes=\"auto, (max-width: 1024px) 100vw, 1024px\" \/><\/figure>\n<\/div>\n<\/div>\n\n\n\n<p>Die Geschichtensammlung selbst ist nicht mehr im Handel erh\u00e4ltlich. Aber sehr gerne w\u00fcrde ich die Weihnachtsgeschichte und einge andere der Kiliposa-Geschichten als Bilderbuch ver\u00f6ffentlichen. Meine liebste Geschichte ist &#8218;Kiliposa f\u00e4hrt Fahrstuhl&#8216;, nur komme ich mit der Illustration nicht wirklich voran.<\/p>\n","protected":false},"excerpt":{"rendered":"<p>2018 erschien die Geschichtensammlung &#8222;Kiliposa und ihre Abenteuer&#8220; mit insgesamt 41 Geschichten vom Kamel Kiliposa, die mit den beiden Alpakas B\u00e4rbel und Gretchen im Garten von Helmut und Annette wohnt. Im Laufe der Zeit zieht auch noch die Eseldame Ella in die tierische WG ein und es geht oftmals recht turbulent zu. Illustriert wurden die [&hellip;]<\/p>\n","protected":false},"author":1,"featured_media":0,"parent":0,"menu_order":0,"comment_status":"closed","ping_status":"closed","template":"","meta":{"footnotes":""},"class_list":["post-19","page","type-page","status-publish","hentry"],"_links":{"self":[{"href":"https:\/\/www.hofmann-hidde.de\/index.php?rest_route=\/wp\/v2\/pages\/19","targetHints":{"allow":["GET"]}}],"collection":[{"href":"https:\/\/www.hofmann-hidde.de\/index.php?rest_route=\/wp\/v2\/pages"}],"about":[{"href":"https:\/\/www.hofmann-hidde.de\/index.php?rest_route=\/wp\/v2\/types\/page"}],"author":[{"embeddable":true,"href":"https:\/\/www.hofmann-hidde.de\/index.php?rest_route=\/wp\/v2\/users\/1"}],"replies":[{"embeddable":true,"href":"https:\/\/www.hofmann-hidde.de\/index.php?rest_route=%2Fwp%2Fv2%2Fcomments&post=19"}],"version-history":[{"count":3,"href":"https:\/\/www.hofmann-hidde.de\/index.php?rest_route=\/wp\/v2\/pages\/19\/revisions"}],"predecessor-version":[{"id":92,"href":"https:\/\/www.hofmann-hidde.de\/index.php?rest_route=\/wp\/v2\/pages\/19\/revisions\/92"}],"wp:attachment":[{"href":"https:\/\/www.hofmann-hidde.de\/index.php?rest_route=%2Fwp%2Fv2%2Fmedia&parent=19"}],"curies":[{"name":"wp","href":"https:\/\/api.w.org\/{rel}","templated":true}]}}