{"id":137,"date":"2026-04-21T10:55:30","date_gmt":"2026-04-21T08:55:30","guid":{"rendered":"https:\/\/www.hofmann-hidde.de\/?page_id=137"},"modified":"2026-04-21T10:55:30","modified_gmt":"2026-04-21T08:55:30","slug":"herzlich-willkommen","status":"publish","type":"page","link":"https:\/\/www.hofmann-hidde.de\/","title":{"rendered":"Herzlich Willkommen!"},"content":{"rendered":"\n<p>Mein Name ist Stefanie Hofmann-Hidde, ich bin Autorin, Illustratorin, Verlegerin und \u00fcberzeugte Demokratin.<\/p>\n\n\n\n<div class=\"wp-block-columns is-layout-flex wp-container-core-columns-is-layout-28f84493 wp-block-columns-is-layout-flex\">\n<div class=\"wp-block-column is-layout-flow wp-block-column-is-layout-flow\">\n<p>Wie sch\u00f6n, dass du bei mir vorbeischaust!<\/p>\n\n\n\n<p>Was es hier jetzt zu finden gibt? Mein Engagement f\u00fcr die Politische Bildung von Kindern und Jugendlichen und damit alles rund um den Kinderbuchverlag Kiliposa, meine eigenen Ver\u00f6ffentlichungen und noch so ein klein wenig privater Kram wie mein Einsatz f\u00fcr die Lesef\u00f6rderung von Kindern und Jugendlichen, meine Illustrationen und eben dies und das.<\/p>\n\n\n\n<p><strong>Damit herzlich Willkommen und viel Spa\u00df beim St\u00f6bern!<\/strong><\/p>\n<\/div>\n\n\n\n<div class=\"wp-block-column is-layout-flow wp-block-column-is-layout-flow\">\n<figure class=\"wp-block-image size-large\"><img loading=\"lazy\" decoding=\"async\" width=\"768\" height=\"1024\" src=\"https:\/\/www.hofmann-hidde.de\/wp-content\/uploads\/2026\/04\/Startseite-768x1024.jpg\" alt=\"\" class=\"wp-image-113\" srcset=\"https:\/\/www.hofmann-hidde.de\/wp-content\/uploads\/2026\/04\/Startseite-768x1024.jpg 768w, https:\/\/www.hofmann-hidde.de\/wp-content\/uploads\/2026\/04\/Startseite-225x300.jpg 225w, https:\/\/www.hofmann-hidde.de\/wp-content\/uploads\/2026\/04\/Startseite-1152x1536.jpg 1152w, https:\/\/www.hofmann-hidde.de\/wp-content\/uploads\/2026\/04\/Startseite-1024x1365.jpg 1024w, https:\/\/www.hofmann-hidde.de\/wp-content\/uploads\/2026\/04\/Startseite.jpg 1500w\" sizes=\"auto, (max-width: 768px) 100vw, 768px\" \/><\/figure>\n<\/div>\n<\/div>\n","protected":false},"excerpt":{"rendered":"<p>Mein Name ist Stefanie Hofmann-Hidde, ich bin Autorin, Illustratorin, Verlegerin und \u00fcberzeugte Demokratin. Wie sch\u00f6n, dass du bei mir vorbeischaust! Was es hier jetzt zu finden gibt? Mein Engagement f\u00fcr die Politische Bildung von Kindern und Jugendlichen und damit alles rund um den Kinderbuchverlag Kiliposa, meine eigenen Ver\u00f6ffentlichungen und noch so ein klein wenig privater [&hellip;]<\/p>\n","protected":false},"author":1,"featured_media":0,"parent":0,"menu_order":0,"comment_status":"closed","ping_status":"closed","template":"","meta":{"footnotes":""},"class_list":["post-137","page","type-page","status-publish","hentry"],"_links":{"self":[{"href":"https:\/\/www.hofmann-hidde.de\/index.php?rest_route=\/wp\/v2\/pages\/137","targetHints":{"allow":["GET"]}}],"collection":[{"href":"https:\/\/www.hofmann-hidde.de\/index.php?rest_route=\/wp\/v2\/pages"}],"about":[{"href":"https:\/\/www.hofmann-hidde.de\/index.php?rest_route=\/wp\/v2\/types\/page"}],"author":[{"embeddable":true,"href":"https:\/\/www.hofmann-hidde.de\/index.php?rest_route=\/wp\/v2\/users\/1"}],"replies":[{"embeddable":true,"href":"https:\/\/www.hofmann-hidde.de\/index.php?rest_route=%2Fwp%2Fv2%2Fcomments&post=137"}],"version-history":[{"count":1,"href":"https:\/\/www.hofmann-hidde.de\/index.php?rest_route=\/wp\/v2\/pages\/137\/revisions"}],"predecessor-version":[{"id":138,"href":"https:\/\/www.hofmann-hidde.de\/index.php?rest_route=\/wp\/v2\/pages\/137\/revisions\/138"}],"wp:attachment":[{"href":"https:\/\/www.hofmann-hidde.de\/index.php?rest_route=%2Fwp%2Fv2%2Fmedia&parent=137"}],"curies":[{"name":"wp","href":"https:\/\/api.w.org\/{rel}","templated":true}]}}