{"id":125,"date":"2026-04-21T10:20:33","date_gmt":"2026-04-21T08:20:33","guid":{"rendered":"https:\/\/www.hofmann-hidde.de\/?page_id=125"},"modified":"2026-04-21T10:20:33","modified_gmt":"2026-04-21T08:20:33","slug":"lesungen","status":"publish","type":"page","link":"https:\/\/www.hofmann-hidde.de\/?page_id=125","title":{"rendered":"Lesungen"},"content":{"rendered":"\n<p>Regelm\u00e4\u00dfig lese ich auf Buchmessen und bei anderen Veranstaltungen aus meinen B\u00fcchern. Lesungen sind etwas ganz besonderes und erfreuen meist Jung und Alt. Sie f\u00f6rdern ganz nebenbei das Interesse am Lesen, schaffen Zusammenhalt und oft lernen die Zuh\u00f6rerInnen noch etwas dabei.<\/p>\n\n\n\n<div class=\"wp-block-columns is-layout-flex wp-container-core-columns-is-layout-28f84493 wp-block-columns-is-layout-flex\">\n<div class=\"wp-block-column is-layout-flow wp-block-column-is-layout-flow\">\n<p>Wenn du auch Interesse hast, dass ich bei einer deiner Veranstaltungen lese, freue ich mich \u00fcber deine Nachricht. <\/p>\n<\/div>\n\n\n\n<div class=\"wp-block-column is-layout-flow wp-block-column-is-layout-flow\">\n<figure class=\"wp-block-image size-large is-resized\"><img loading=\"lazy\" decoding=\"async\" width=\"628\" height=\"1024\" src=\"https:\/\/www.hofmann-hidde.de\/wp-content\/uploads\/2026\/04\/Autorin1_signiert-628x1024.jpg\" alt=\"\" class=\"wp-image-126\" style=\"aspect-ratio:0.6132879083507489;width:271px;height:auto\" srcset=\"https:\/\/www.hofmann-hidde.de\/wp-content\/uploads\/2026\/04\/Autorin1_signiert-628x1024.jpg 628w, https:\/\/www.hofmann-hidde.de\/wp-content\/uploads\/2026\/04\/Autorin1_signiert-184x300.jpg 184w, https:\/\/www.hofmann-hidde.de\/wp-content\/uploads\/2026\/04\/Autorin1_signiert-768x1253.jpg 768w, https:\/\/www.hofmann-hidde.de\/wp-content\/uploads\/2026\/04\/Autorin1_signiert-941x1536.jpg 941w, https:\/\/www.hofmann-hidde.de\/wp-content\/uploads\/2026\/04\/Autorin1_signiert-1255x2048.jpg 1255w, https:\/\/www.hofmann-hidde.de\/wp-content\/uploads\/2026\/04\/Autorin1_signiert-1024x1671.jpg 1024w, https:\/\/www.hofmann-hidde.de\/wp-content\/uploads\/2026\/04\/Autorin1_signiert-scaled.jpg 1569w\" sizes=\"auto, (max-width: 628px) 100vw, 628px\" \/><\/figure>\n<\/div>\n<\/div>\n","protected":false},"excerpt":{"rendered":"<p>Regelm\u00e4\u00dfig lese ich auf Buchmessen und bei anderen Veranstaltungen aus meinen B\u00fcchern. Lesungen sind etwas ganz besonderes und erfreuen meist Jung und Alt. Sie f\u00f6rdern ganz nebenbei das Interesse am Lesen, schaffen Zusammenhalt und oft lernen die Zuh\u00f6rerInnen noch etwas dabei. Wenn du auch Interesse hast, dass ich bei einer deiner Veranstaltungen lese, freue ich [&hellip;]<\/p>\n","protected":false},"author":1,"featured_media":0,"parent":0,"menu_order":0,"comment_status":"closed","ping_status":"closed","template":"","meta":{"footnotes":""},"class_list":["post-125","page","type-page","status-publish","hentry"],"_links":{"self":[{"href":"https:\/\/www.hofmann-hidde.de\/index.php?rest_route=\/wp\/v2\/pages\/125","targetHints":{"allow":["GET"]}}],"collection":[{"href":"https:\/\/www.hofmann-hidde.de\/index.php?rest_route=\/wp\/v2\/pages"}],"about":[{"href":"https:\/\/www.hofmann-hidde.de\/index.php?rest_route=\/wp\/v2\/types\/page"}],"author":[{"embeddable":true,"href":"https:\/\/www.hofmann-hidde.de\/index.php?rest_route=\/wp\/v2\/users\/1"}],"replies":[{"embeddable":true,"href":"https:\/\/www.hofmann-hidde.de\/index.php?rest_route=%2Fwp%2Fv2%2Fcomments&post=125"}],"version-history":[{"count":1,"href":"https:\/\/www.hofmann-hidde.de\/index.php?rest_route=\/wp\/v2\/pages\/125\/revisions"}],"predecessor-version":[{"id":127,"href":"https:\/\/www.hofmann-hidde.de\/index.php?rest_route=\/wp\/v2\/pages\/125\/revisions\/127"}],"wp:attachment":[{"href":"https:\/\/www.hofmann-hidde.de\/index.php?rest_route=%2Fwp%2Fv2%2Fmedia&parent=125"}],"curies":[{"name":"wp","href":"https:\/\/api.w.org\/{rel}","templated":true}]}}